{"id":115,"date":"2022-10-01T16:11:58","date_gmt":"2022-10-01T16:11:58","guid":{"rendered":"https:\/\/invasordrilling.com\/?post_type=product&#038;p=115"},"modified":"2022-12-16T21:39:51","modified_gmt":"2022-12-16T21:39:51","slug":"curso-de-aplicacion-de-norma-api-standard-53-5ta-edicion-diciembre-2022","status":"publish","type":"product","link":"https:\/\/invasordrilling.com\/en\/product\/curso-de-aplicacion-de-norma-api-standard-53-5ta-edicion-diciembre-2022\/","title":{"rendered":"API Standard 53 (5th edition) application course:"},"content":{"rendered":"<p>Practicas de operaci\u00f3n seg\u00fan norma API Standard 53, 5th Edition, December 2018 &#8211; Well Control Equipment Systems for Drilling Wells para Land Rigs.<\/p>\n<p>Dirigido a profesionales de la industria responsables por el dise\u00f1o, operaci\u00f3n, inspecci\u00f3n y mantenimiento preventivo de sistemas de Well Control.<\/p>\n<p>&nbsp;<\/p>\n<p>&nbsp;<\/p>","protected":false},"excerpt":{"rendered":"<p><strong>Pr\u00e1cticas de operaci\u00f3n seg\u00fan norma API Standard 53, 5th Edition, December 2018 &#8211; Well Control Equipment Systems for Drilling Wells para Land Rigs<\/strong><\/p>\n<p><b>Duraci\u00f3n: 2 d\u00edas<\/b><\/p>\n<p><b>D\u00eda 1:\u00a0<\/b><\/p>\n<p>8:30am a 12:00m (Hora Argentina)<\/p>\n<p><b>Requerimientos generales para configuraciones de sistemas de Well Control<\/b><\/p>\n<ul>\n<li aria-level=\"1\">Especificaciones para la fabricaci\u00f3n de stacks de BOP, spools espaciadores, equipo y l\u00edneas de choque\/kill y sistemas de control<\/li>\n<li aria-level=\"1\">Criterios de selecci\u00f3n y clasificaci\u00f3n de stacks de BOP<\/li>\n<li aria-level=\"1\">Requerimientos de Sistemas Auxiliares: Kelly Valve, Drill Pipe Safety Valves, Inside Blowout Preventer, Trip Tank, Pit Volume Measuring and Recording Devices, Flow Rate Sensor, Mud\/Gas Separator, Flare\/Vent Lines, Top Drive Equipment<\/li>\n<\/ul>\n<p>1:00pm a 5:00pm (Hora Argentina)<\/p>\n<p><b>Procedimientos de prueba de sistemas de Well Control<\/b><\/p>\n<ul>\n<li aria-level=\"1\">Commissioning de sistemas de Well Control<\/li>\n<li aria-level=\"1\">Requerimientos de pruebas de funcionamiento durante operaciones<\/li>\n<li aria-level=\"1\">Requerimientos de pruebas de presi\u00f3n durante operaciones<\/li>\n<li aria-level=\"1\">Pruebas de sistema de control (acumulador)<\/li>\n<\/ul>\n<p><strong>D\u00eda 2: <\/strong><\/p>\n<p>8:30am a 12:00m (Hora Argentina)<b><br \/>\n<\/b><\/p>\n<p><b> Programa de mantenimientos preventivos para equipos de Well Control<\/b><\/p>\n<ul>\n<li aria-level=\"1\">Inspecciones anuales y mantenimiento preventivo<\/li>\n<li aria-level=\"1\">Reparaciones y an\u00e1lisis de causa ra\u00edz<\/li>\n<li aria-level=\"1\">Recertificaciones de equipos de Well Control<\/li>\n<\/ul>\n<p>1:00pm a 5:00pm (Hora Argentina)<\/p>\n<p><b> Investigaci\u00f3n de causa ra\u00edz y lecciones aprendidas de evento de Well Control en el Pozo Macondo del Deep Water Horizon <\/b><\/p>\n<p>&nbsp;<\/p>","protected":false},"featured_media":79,"comment_status":"closed","ping_status":"closed","template":"","meta":{"_acf_changed":false,"nf_dc_page":""},"product_brand":[],"product_cat":[25],"product_tag":[],"class_list":{"0":"post-115","1":"product","2":"type-product","3":"status-publish","4":"has-post-thumbnail","6":"product_cat-cursos","8":"first","9":"instock","10":"sold-individually","11":"shipping-taxable","12":"purchasable","13":"product-type-variable"},"acf":[],"yoast_head":"<!-- This site is optimized with the Yoast SEO plugin v27.4 - https:\/\/yoast.com\/product\/yoast-seo-wordpress\/ -->\n<title>Curso de aplicaci\u00f3n de Norma API Standard 53 (5ta edici\u00f3n): - Invasor Drilling Services<\/title>\n<meta name=\"description\" content=\"Dirigido a profesionales de la industria responsables por el dise\u00f1o, operaci\u00f3n, inspecci\u00f3n y mantenimiento preventivo de sistemas de Well Control.\" \/>\n<meta name=\"robots\" content=\"index, follow, max-snippet:-1, max-image-preview:large, max-video-preview:-1\" \/>\n<link rel=\"canonical\" href=\"https:\/\/invasordrilling.com\/en\/staging\/4713\/?product=curso-de-aplicacion-de-norma-api-standard-53-5ta-edicion-diciembre-2022\" \/>\n<meta property=\"og:locale\" content=\"en_US\" \/>\n<meta property=\"og:type\" content=\"article\" \/>\n<meta property=\"og:title\" content=\"Curso de aplicaci\u00f3n de Norma API Standard 53 (5ta edici\u00f3n): - Invasor Drilling Services\" \/>\n<meta property=\"og:description\" content=\"Dirigido a profesionales de la industria responsables por el dise\u00f1o, operaci\u00f3n, inspecci\u00f3n y mantenimiento preventivo de sistemas de Well Control.\" \/>\n<meta property=\"og:url\" content=\"https:\/\/invasordrilling.com\/en\/staging\/4713\/?product=curso-de-aplicacion-de-norma-api-standard-53-5ta-edicion-diciembre-2022\" \/>\n<meta property=\"og:site_name\" content=\"Invasor Drilling Services\" \/>\n<meta property=\"article:modified_time\" content=\"2022-12-16T21:39:51+00:00\" \/>\n<meta property=\"og:image\" content=\"https:\/\/invasordrilling.com\/staging\/4713\/wp-content\/uploads\/2022\/06\/Curso2_WellControl-1024x1024.jpg\" \/>\n\t<meta property=\"og:image:width\" content=\"1024\" \/>\n\t<meta property=\"og:image:height\" content=\"1024\" \/>\n\t<meta property=\"og:image:type\" content=\"image\/jpeg\" \/>\n<meta name=\"twitter:card\" content=\"summary_large_image\" \/>\n<meta name=\"twitter:label1\" content=\"Est. reading time\" \/>\n\t<meta name=\"twitter:data1\" content=\"1 minute\" \/>\n<script type=\"application\/ld+json\" class=\"yoast-schema-graph\">{\"@context\":\"https:\\\/\\\/schema.org\",\"@graph\":[{\"@type\":\"WebPage\",\"@id\":\"https:\\\/\\\/invasordrilling.com\\\/staging\\\/4713\\\/?product=curso-de-aplicacion-de-norma-api-standard-53-5ta-edicion-diciembre-2022\",\"url\":\"https:\\\/\\\/invasordrilling.com\\\/staging\\\/4713\\\/?product=curso-de-aplicacion-de-norma-api-standard-53-5ta-edicion-diciembre-2022\",\"name\":\"Curso de aplicaci\u00f3n de Norma API Standard 53 (5ta edici\u00f3n): - Invasor Drilling Services\",\"isPartOf\":{\"@id\":\"https:\\\/\\\/invasordrilling.com\\\/#website\"},\"primaryImageOfPage\":{\"@id\":\"https:\\\/\\\/invasordrilling.com\\\/staging\\\/4713\\\/?product=curso-de-aplicacion-de-norma-api-standard-53-5ta-edicion-diciembre-2022#primaryimage\"},\"image\":{\"@id\":\"https:\\\/\\\/invasordrilling.com\\\/staging\\\/4713\\\/?product=curso-de-aplicacion-de-norma-api-standard-53-5ta-edicion-diciembre-2022#primaryimage\"},\"thumbnailUrl\":\"https:\\\/\\\/i0.wp.com\\\/invasordrilling.com\\\/wp-content\\\/uploads\\\/2022\\\/06\\\/Curso2_WellControl.jpg?fit=2000%2C2000&ssl=1\",\"datePublished\":\"2022-10-01T16:11:58+00:00\",\"dateModified\":\"2022-12-16T21:39:51+00:00\",\"description\":\"Dirigido a profesionales de la industria responsables por el dise\u00f1o, operaci\u00f3n, inspecci\u00f3n y mantenimiento preventivo de sistemas de Well Control.\",\"breadcrumb\":{\"@id\":\"https:\\\/\\\/invasordrilling.com\\\/staging\\\/4713\\\/?product=curso-de-aplicacion-de-norma-api-standard-53-5ta-edicion-diciembre-2022#breadcrumb\"},\"inLanguage\":\"en-US\",\"potentialAction\":[{\"@type\":\"ReadAction\",\"target\":[\"https:\\\/\\\/invasordrilling.com\\\/staging\\\/4713\\\/?product=curso-de-aplicacion-de-norma-api-standard-53-5ta-edicion-diciembre-2022\"]}]},{\"@type\":\"ImageObject\",\"inLanguage\":\"en-US\",\"@id\":\"https:\\\/\\\/invasordrilling.com\\\/staging\\\/4713\\\/?product=curso-de-aplicacion-de-norma-api-standard-53-5ta-edicion-diciembre-2022#primaryimage\",\"url\":\"https:\\\/\\\/i0.wp.com\\\/invasordrilling.com\\\/wp-content\\\/uploads\\\/2022\\\/06\\\/Curso2_WellControl.jpg?fit=2000%2C2000&ssl=1\",\"contentUrl\":\"https:\\\/\\\/i0.wp.com\\\/invasordrilling.com\\\/wp-content\\\/uploads\\\/2022\\\/06\\\/Curso2_WellControl.jpg?fit=2000%2C2000&ssl=1\",\"width\":2000,\"height\":2000},{\"@type\":\"BreadcrumbList\",\"@id\":\"https:\\\/\\\/invasordrilling.com\\\/staging\\\/4713\\\/?product=curso-de-aplicacion-de-norma-api-standard-53-5ta-edicion-diciembre-2022#breadcrumb\",\"itemListElement\":[{\"@type\":\"ListItem\",\"position\":1,\"name\":\"Home\",\"item\":\"https:\\\/\\\/invasordrilling.com\\\/staging\\\/4713\\\/\"},{\"@type\":\"ListItem\",\"position\":2,\"name\":\"Cursos IDS\",\"item\":\"https:\\\/\\\/invasordrilling.com\\\/staging\\\/4713\\\/shop\\\/\"},{\"@type\":\"ListItem\",\"position\":3,\"name\":\"Curso de aplicaci\u00f3n de Norma API Standard 53 (5ta edici\u00f3n):\"}]},{\"@type\":\"WebSite\",\"@id\":\"https:\\\/\\\/invasordrilling.com\\\/#website\",\"url\":\"https:\\\/\\\/invasordrilling.com\\\/\",\"name\":\"Invasor Drilling Services\",\"description\":\"\",\"publisher\":{\"@id\":\"https:\\\/\\\/invasordrilling.com\\\/#organization\"},\"potentialAction\":[{\"@type\":\"SearchAction\",\"target\":{\"@type\":\"EntryPoint\",\"urlTemplate\":\"https:\\\/\\\/invasordrilling.com\\\/?s={search_term_string}\"},\"query-input\":{\"@type\":\"PropertyValueSpecification\",\"valueRequired\":true,\"valueName\":\"search_term_string\"}}],\"inLanguage\":\"en-US\"},{\"@type\":\"Organization\",\"@id\":\"https:\\\/\\\/invasordrilling.com\\\/#organization\",\"name\":\"Invasor Drilling Services\",\"url\":\"https:\\\/\\\/invasordrilling.com\\\/\",\"logo\":{\"@type\":\"ImageObject\",\"inLanguage\":\"en-US\",\"@id\":\"https:\\\/\\\/invasordrilling.com\\\/#\\\/schema\\\/logo\\\/image\\\/\",\"url\":\"https:\\\/\\\/i0.wp.com\\\/invasordrilling.com\\\/wp-content\\\/uploads\\\/2022\\\/07\\\/Logo-Blanco.png?fit=1083%2C562&ssl=1\",\"contentUrl\":\"https:\\\/\\\/i0.wp.com\\\/invasordrilling.com\\\/wp-content\\\/uploads\\\/2022\\\/07\\\/Logo-Blanco.png?fit=1083%2C562&ssl=1\",\"width\":1083,\"height\":562,\"caption\":\"Invasor Drilling Services\"},\"image\":{\"@id\":\"https:\\\/\\\/invasordrilling.com\\\/#\\\/schema\\\/logo\\\/image\\\/\"}}]}<\/script>\n<!-- \/ Yoast SEO plugin. -->","yoast_head_json":{"title":"Curso de aplicaci\u00f3n de Norma API Standard 53 (5ta edici\u00f3n): - Invasor Drilling Services","description":"Dirigido a profesionales de la industria responsables por el dise\u00f1o, operaci\u00f3n, inspecci\u00f3n y mantenimiento preventivo de sistemas de Well Control.","robots":{"index":"index","follow":"follow","max-snippet":"max-snippet:-1","max-image-preview":"max-image-preview:large","max-video-preview":"max-video-preview:-1"},"canonical":"https:\/\/invasordrilling.com\/en\/staging\/4713\/?product=curso-de-aplicacion-de-norma-api-standard-53-5ta-edicion-diciembre-2022","og_locale":"en_US","og_type":"article","og_title":"Curso de aplicaci\u00f3n de Norma API Standard 53 (5ta edici\u00f3n): - Invasor Drilling Services","og_description":"Dirigido a profesionales de la industria responsables por el dise\u00f1o, operaci\u00f3n, inspecci\u00f3n y mantenimiento preventivo de sistemas de Well Control.","og_url":"https:\/\/invasordrilling.com\/en\/staging\/4713\/?product=curso-de-aplicacion-de-norma-api-standard-53-5ta-edicion-diciembre-2022","og_site_name":"Invasor Drilling Services","article_modified_time":"2022-12-16T21:39:51+00:00","og_image":[{"width":1024,"height":1024,"url":"https:\/\/invasordrilling.com\/staging\/4713\/wp-content\/uploads\/2022\/06\/Curso2_WellControl-1024x1024.jpg","type":"image\/jpeg"}],"twitter_card":"summary_large_image","twitter_misc":{"Est. reading time":"1 minute"},"schema":{"@context":"https:\/\/schema.org","@graph":[{"@type":"WebPage","@id":"https:\/\/invasordrilling.com\/staging\/4713\/?product=curso-de-aplicacion-de-norma-api-standard-53-5ta-edicion-diciembre-2022","url":"https:\/\/invasordrilling.com\/staging\/4713\/?product=curso-de-aplicacion-de-norma-api-standard-53-5ta-edicion-diciembre-2022","name":"Curso de aplicaci\u00f3n de Norma API Standard 53 (5ta edici\u00f3n): - Invasor Drilling Services","isPartOf":{"@id":"https:\/\/invasordrilling.com\/#website"},"primaryImageOfPage":{"@id":"https:\/\/invasordrilling.com\/staging\/4713\/?product=curso-de-aplicacion-de-norma-api-standard-53-5ta-edicion-diciembre-2022#primaryimage"},"image":{"@id":"https:\/\/invasordrilling.com\/staging\/4713\/?product=curso-de-aplicacion-de-norma-api-standard-53-5ta-edicion-diciembre-2022#primaryimage"},"thumbnailUrl":"https:\/\/i0.wp.com\/invasordrilling.com\/wp-content\/uploads\/2022\/06\/Curso2_WellControl.jpg?fit=2000%2C2000&ssl=1","datePublished":"2022-10-01T16:11:58+00:00","dateModified":"2022-12-16T21:39:51+00:00","description":"Dirigido a profesionales de la industria responsables por el dise\u00f1o, operaci\u00f3n, inspecci\u00f3n y mantenimiento preventivo de sistemas de Well Control.","breadcrumb":{"@id":"https:\/\/invasordrilling.com\/staging\/4713\/?product=curso-de-aplicacion-de-norma-api-standard-53-5ta-edicion-diciembre-2022#breadcrumb"},"inLanguage":"en-US","potentialAction":[{"@type":"ReadAction","target":["https:\/\/invasordrilling.com\/staging\/4713\/?product=curso-de-aplicacion-de-norma-api-standard-53-5ta-edicion-diciembre-2022"]}]},{"@type":"ImageObject","inLanguage":"en-US","@id":"https:\/\/invasordrilling.com\/staging\/4713\/?product=curso-de-aplicacion-de-norma-api-standard-53-5ta-edicion-diciembre-2022#primaryimage","url":"https:\/\/i0.wp.com\/invasordrilling.com\/wp-content\/uploads\/2022\/06\/Curso2_WellControl.jpg?fit=2000%2C2000&ssl=1","contentUrl":"https:\/\/i0.wp.com\/invasordrilling.com\/wp-content\/uploads\/2022\/06\/Curso2_WellControl.jpg?fit=2000%2C2000&ssl=1","width":2000,"height":2000},{"@type":"BreadcrumbList","@id":"https:\/\/invasordrilling.com\/staging\/4713\/?product=curso-de-aplicacion-de-norma-api-standard-53-5ta-edicion-diciembre-2022#breadcrumb","itemListElement":[{"@type":"ListItem","position":1,"name":"Home","item":"https:\/\/invasordrilling.com\/staging\/4713\/"},{"@type":"ListItem","position":2,"name":"Cursos IDS","item":"https:\/\/invasordrilling.com\/staging\/4713\/shop\/"},{"@type":"ListItem","position":3,"name":"Curso de aplicaci\u00f3n de Norma API Standard 53 (5ta edici\u00f3n):"}]},{"@type":"WebSite","@id":"https:\/\/invasordrilling.com\/#website","url":"https:\/\/invasordrilling.com\/","name":"Invasor Drilling Services","description":"","publisher":{"@id":"https:\/\/invasordrilling.com\/#organization"},"potentialAction":[{"@type":"SearchAction","target":{"@type":"EntryPoint","urlTemplate":"https:\/\/invasordrilling.com\/?s={search_term_string}"},"query-input":{"@type":"PropertyValueSpecification","valueRequired":true,"valueName":"search_term_string"}}],"inLanguage":"en-US"},{"@type":"Organization","@id":"https:\/\/invasordrilling.com\/#organization","name":"Invasor Drilling Services","url":"https:\/\/invasordrilling.com\/","logo":{"@type":"ImageObject","inLanguage":"en-US","@id":"https:\/\/invasordrilling.com\/#\/schema\/logo\/image\/","url":"https:\/\/i0.wp.com\/invasordrilling.com\/wp-content\/uploads\/2022\/07\/Logo-Blanco.png?fit=1083%2C562&ssl=1","contentUrl":"https:\/\/i0.wp.com\/invasordrilling.com\/wp-content\/uploads\/2022\/07\/Logo-Blanco.png?fit=1083%2C562&ssl=1","width":1083,"height":562,"caption":"Invasor Drilling Services"},"image":{"@id":"https:\/\/invasordrilling.com\/#\/schema\/logo\/image\/"}}]}},"jetpack_sharing_enabled":true,"_links":{"self":[{"href":"https:\/\/invasordrilling.com\/en\/wp-json\/wp\/v2\/product\/115","targetHints":{"allow":["GET"]}}],"collection":[{"href":"https:\/\/invasordrilling.com\/en\/wp-json\/wp\/v2\/product"}],"about":[{"href":"https:\/\/invasordrilling.com\/en\/wp-json\/wp\/v2\/types\/product"}],"replies":[{"embeddable":true,"href":"https:\/\/invasordrilling.com\/en\/wp-json\/wp\/v2\/comments?post=115"}],"wp:featuredmedia":[{"embeddable":true,"href":"https:\/\/invasordrilling.com\/en\/wp-json\/wp\/v2\/media\/79"}],"wp:attachment":[{"href":"https:\/\/invasordrilling.com\/en\/wp-json\/wp\/v2\/media?parent=115"}],"wp:term":[{"taxonomy":"product_brand","embeddable":true,"href":"https:\/\/invasordrilling.com\/en\/wp-json\/wp\/v2\/product_brand?post=115"},{"taxonomy":"product_cat","embeddable":true,"href":"https:\/\/invasordrilling.com\/en\/wp-json\/wp\/v2\/product_cat?post=115"},{"taxonomy":"product_tag","embeddable":true,"href":"https:\/\/invasordrilling.com\/en\/wp-json\/wp\/v2\/product_tag?post=115"}],"curies":[{"name":"wp","href":"https:\/\/api.w.org\/{rel}","templated":true}]}}