{"id":30,"date":"2022-06-17T22:43:26","date_gmt":"2022-06-17T22:43:26","guid":{"rendered":"https:\/\/invasordrilling.com\/?post_type=product&#038;p=30"},"modified":"2022-12-16T21:45:19","modified_gmt":"2022-12-16T21:45:19","slug":"drilling-rig-equipment-realiability-workshop","status":"publish","type":"product","link":"https:\/\/invasordrilling.com\/en\/product\/drilling-rig-equipment-realiability-workshop\/","title":{"rendered":"Drilling Rig Equipment Reliability Workshop: NPT Reduction Initiatives"},"content":{"rendered":"<p>Mitigaci\u00f3n de tiempos no productivos y reducci\u00f3n de costos de operaci\u00f3n a trav\u00e9s de adaptaci\u00f3n de especificaciones, est\u00e1ndares y pr\u00e1cticas recomendadas por normas API para equipos de perforaci\u00f3n.<\/p>\n<p>Dirigido a profesionales de la industria de perforaci\u00f3n que necesitan desarrollar estrategias efectivas para reducir costos de tiempos no productivos y minimizar riesgos de incidentes de personas, medio ambiente e integridad del yacimiento.<\/p>","protected":false},"excerpt":{"rendered":"<p><strong>En este curso nos enfocamos en la mitigaci\u00f3n pr\u00e1ctica de tiempos no productivos y reducci\u00f3n de costos de operaci\u00f3n a trav\u00e9s de adaptaci\u00f3n de especificaciones, est\u00e1ndares y pr\u00e1cticas recomendadas por normas API para equipos de perforaci\u00f3n.<\/strong><\/p>\n<p><strong>D\u00eda 1: Especificaciones para selecci\u00f3n de materiales y\u00a0 configuraciones de equipos cr\u00edticos de perforaci\u00f3n<\/strong><\/p>\n<ul>\n<li><b>API Spec Q2, 2nd Edition, July 2021 <\/b>&#8211; Quality Management system requirements for service supply organizations for the petroleum and natural gas industries<\/li>\n<li><b>API Spec 4F, 5th Edition, June 2020 <\/b>&#8211; Specification for Drilling and Well Servicing Structures<\/li>\n<li><b>API SPEC 8C, 5th Edition, April 2012 &#8211; <\/b>Drilling and Production Hoisting Equipment (PSL 1 and PSL 2)<\/li>\n<li><b>API Spec 16A, 4th Edition, April 2017 &#8211; <\/b>Specification for Drill-through Equipment<\/li>\n<li><b>API Spec 16C, 3rd Edition, March 2021 &#8211; <\/b>Choke and Kill Equipment<\/li>\n<li><b>API Spec 16D, 3rd Edition, November 2018 &#8211; <\/b>Control Systems for Drilling Well Control Equipment and Control Systems for Diverter Equipment<\/li>\n<\/ul>\n<p><strong>D\u00eda 2: Est\u00e1ndares API para operaci\u00f3n, inspecci\u00f3n y mantenimiento preventivo de sistemas de Well Control<\/strong><\/p>\n<ul>\n<li aria-level=\"1\"><b>API Standard 53, 5th Edition, December 2018<\/b> &#8211; Well Control Equipment Systems for Drilling Wells<\/li>\n<li aria-level=\"1\"><b>API Standard 16AR, 1st Edition, April 2017 <\/b>&#8211; Standard for Repair and Remanufacture of Drill-through Equipment<\/li>\n<\/ul>\n<p><strong>Dia 3: Pr\u00e1cticas recomendadas para mejora continua de confiabilidad de equipos de perforaci\u00f3n<\/strong><\/p>\n<ul>\n<li aria-level=\"1\"><b>API RP 4G, 5th Edition, February 2019 &#8211; <\/b>Operation, Inspection, Maintenance, and Repair of Drilling and Well Servicing Structures<\/li>\n<li aria-level=\"1\"><b>API RP 8B, 8th Edition, May 2014 &#8211; <\/b>Recommended Practice for Procedures for Inspections, Maintenance, Repair, and Remanufacture of Hoisting Equipment<\/li>\n<li aria-level=\"1\"><b>API RP 13C, 5th Edition, October 2014 &#8211; <\/b>Recommended Practice on Drilling Fluid Processing Systems Evaluation<\/li>\n<li aria-level=\"1\"><b>API RP 500, 3rd Edition, December 2012 &#8211; <\/b>Recommended Practice for Classification of Locations for Electrical Installations at Petroleum Facilities Classified as Class I, Division 1 and Division 2<\/li>\n<\/ul>\n<p>&nbsp;<\/p>","protected":false},"featured_media":78,"comment_status":"closed","ping_status":"closed","template":"","meta":{"_acf_changed":false,"nf_dc_page":""},"product_brand":[],"product_cat":[25],"product_tag":[],"class_list":{"0":"post-30","1":"product","2":"type-product","3":"status-publish","4":"has-post-thumbnail","6":"product_cat-cursos","8":"first","9":"outofstock","10":"virtual","11":"sold-individually","12":"purchasable","13":"product-type-simple"},"acf":[],"yoast_head":"<!-- This site is optimized with the Yoast SEO plugin v27.4 - https:\/\/yoast.com\/product\/yoast-seo-wordpress\/ -->\n<title>Drilling Rig Equipment Reliability Workshop: Iniciativas de reducci\u00f3n de NPT - Invasor Drilling Services<\/title>\n<meta name=\"description\" content=\"Dirigido a profesionales de la industria de perforaci\u00f3n que necesitan desarrollar estrategias efectivas para reducir costos de tiempos no productivos y minimizar riesgos de incidentes de personas, medio ambiente e integridad del yacimiento.\" \/>\n<meta name=\"robots\" content=\"index, follow, max-snippet:-1, max-image-preview:large, max-video-preview:-1\" \/>\n<link rel=\"canonical\" href=\"https:\/\/invasordrilling.com\/en\/staging\/4713\/?product=drilling-rig-equipment-realiability-workshop\" \/>\n<meta property=\"og:locale\" content=\"en_US\" \/>\n<meta property=\"og:type\" content=\"article\" \/>\n<meta property=\"og:title\" content=\"Drilling Rig Equipment Reliability Workshop: Iniciativas de reducci\u00f3n de NPT - Invasor Drilling Services\" \/>\n<meta property=\"og:description\" content=\"Dirigido a profesionales de la industria de perforaci\u00f3n que necesitan desarrollar estrategias efectivas para reducir costos de tiempos no productivos y minimizar riesgos de incidentes de personas, medio ambiente e integridad del yacimiento.\" \/>\n<meta property=\"og:url\" content=\"https:\/\/invasordrilling.com\/en\/staging\/4713\/?product=drilling-rig-equipment-realiability-workshop\" \/>\n<meta property=\"og:site_name\" content=\"Invasor Drilling Services\" \/>\n<meta property=\"article:modified_time\" content=\"2022-12-16T21:45:19+00:00\" \/>\n<meta property=\"og:image\" content=\"https:\/\/invasordrilling.com\/staging\/4713\/wp-content\/uploads\/2022\/06\/Curso1_Drilling-1024x1024.jpg\" \/>\n\t<meta property=\"og:image:width\" content=\"1024\" \/>\n\t<meta property=\"og:image:height\" content=\"1024\" \/>\n\t<meta property=\"og:image:type\" content=\"image\/jpeg\" \/>\n<meta name=\"twitter:card\" content=\"summary_large_image\" \/>\n<meta name=\"twitter:label1\" content=\"Est. reading time\" \/>\n\t<meta name=\"twitter:data1\" content=\"1 minute\" \/>\n<script type=\"application\/ld+json\" class=\"yoast-schema-graph\">{\"@context\":\"https:\\\/\\\/schema.org\",\"@graph\":[{\"@type\":\"WebPage\",\"@id\":\"https:\\\/\\\/invasordrilling.com\\\/staging\\\/4713\\\/?product=drilling-rig-equipment-realiability-workshop\",\"url\":\"https:\\\/\\\/invasordrilling.com\\\/staging\\\/4713\\\/?product=drilling-rig-equipment-realiability-workshop\",\"name\":\"Drilling Rig Equipment Reliability Workshop: Iniciativas de reducci\u00f3n de NPT - Invasor Drilling Services\",\"isPartOf\":{\"@id\":\"https:\\\/\\\/invasordrilling.com\\\/#website\"},\"primaryImageOfPage\":{\"@id\":\"https:\\\/\\\/invasordrilling.com\\\/staging\\\/4713\\\/?product=drilling-rig-equipment-realiability-workshop#primaryimage\"},\"image\":{\"@id\":\"https:\\\/\\\/invasordrilling.com\\\/staging\\\/4713\\\/?product=drilling-rig-equipment-realiability-workshop#primaryimage\"},\"thumbnailUrl\":\"https:\\\/\\\/i0.wp.com\\\/invasordrilling.com\\\/wp-content\\\/uploads\\\/2022\\\/06\\\/Curso1_Drilling.jpg?fit=2000%2C2000&ssl=1\",\"datePublished\":\"2022-06-17T22:43:26+00:00\",\"dateModified\":\"2022-12-16T21:45:19+00:00\",\"description\":\"Dirigido a profesionales de la industria de perforaci\u00f3n que necesitan desarrollar estrategias efectivas para reducir costos de tiempos no productivos y minimizar riesgos de incidentes de personas, medio ambiente e integridad del yacimiento.\",\"breadcrumb\":{\"@id\":\"https:\\\/\\\/invasordrilling.com\\\/staging\\\/4713\\\/?product=drilling-rig-equipment-realiability-workshop#breadcrumb\"},\"inLanguage\":\"en-US\",\"potentialAction\":[{\"@type\":\"ReadAction\",\"target\":[\"https:\\\/\\\/invasordrilling.com\\\/staging\\\/4713\\\/?product=drilling-rig-equipment-realiability-workshop\"]}]},{\"@type\":\"ImageObject\",\"inLanguage\":\"en-US\",\"@id\":\"https:\\\/\\\/invasordrilling.com\\\/staging\\\/4713\\\/?product=drilling-rig-equipment-realiability-workshop#primaryimage\",\"url\":\"https:\\\/\\\/i0.wp.com\\\/invasordrilling.com\\\/wp-content\\\/uploads\\\/2022\\\/06\\\/Curso1_Drilling.jpg?fit=2000%2C2000&ssl=1\",\"contentUrl\":\"https:\\\/\\\/i0.wp.com\\\/invasordrilling.com\\\/wp-content\\\/uploads\\\/2022\\\/06\\\/Curso1_Drilling.jpg?fit=2000%2C2000&ssl=1\",\"width\":2000,\"height\":2000},{\"@type\":\"BreadcrumbList\",\"@id\":\"https:\\\/\\\/invasordrilling.com\\\/staging\\\/4713\\\/?product=drilling-rig-equipment-realiability-workshop#breadcrumb\",\"itemListElement\":[{\"@type\":\"ListItem\",\"position\":1,\"name\":\"Home\",\"item\":\"https:\\\/\\\/invasordrilling.com\\\/staging\\\/4713\\\/\"},{\"@type\":\"ListItem\",\"position\":2,\"name\":\"Cursos IDS\",\"item\":\"https:\\\/\\\/invasordrilling.com\\\/staging\\\/4713\\\/shop\\\/\"},{\"@type\":\"ListItem\",\"position\":3,\"name\":\"Drilling Rig Equipment Reliability Workshop: Iniciativas de reducci\u00f3n de NPT\"}]},{\"@type\":\"WebSite\",\"@id\":\"https:\\\/\\\/invasordrilling.com\\\/#website\",\"url\":\"https:\\\/\\\/invasordrilling.com\\\/\",\"name\":\"Invasor Drilling Services\",\"description\":\"\",\"publisher\":{\"@id\":\"https:\\\/\\\/invasordrilling.com\\\/#organization\"},\"potentialAction\":[{\"@type\":\"SearchAction\",\"target\":{\"@type\":\"EntryPoint\",\"urlTemplate\":\"https:\\\/\\\/invasordrilling.com\\\/?s={search_term_string}\"},\"query-input\":{\"@type\":\"PropertyValueSpecification\",\"valueRequired\":true,\"valueName\":\"search_term_string\"}}],\"inLanguage\":\"en-US\"},{\"@type\":\"Organization\",\"@id\":\"https:\\\/\\\/invasordrilling.com\\\/#organization\",\"name\":\"Invasor Drilling Services\",\"url\":\"https:\\\/\\\/invasordrilling.com\\\/\",\"logo\":{\"@type\":\"ImageObject\",\"inLanguage\":\"en-US\",\"@id\":\"https:\\\/\\\/invasordrilling.com\\\/#\\\/schema\\\/logo\\\/image\\\/\",\"url\":\"https:\\\/\\\/i0.wp.com\\\/invasordrilling.com\\\/wp-content\\\/uploads\\\/2022\\\/07\\\/Logo-Blanco.png?fit=1083%2C562&ssl=1\",\"contentUrl\":\"https:\\\/\\\/i0.wp.com\\\/invasordrilling.com\\\/wp-content\\\/uploads\\\/2022\\\/07\\\/Logo-Blanco.png?fit=1083%2C562&ssl=1\",\"width\":1083,\"height\":562,\"caption\":\"Invasor Drilling Services\"},\"image\":{\"@id\":\"https:\\\/\\\/invasordrilling.com\\\/#\\\/schema\\\/logo\\\/image\\\/\"}}]}<\/script>\n<!-- \/ Yoast SEO plugin. -->","yoast_head_json":{"title":"Drilling Rig Equipment Reliability Workshop: Iniciativas de reducci\u00f3n de NPT - Invasor Drilling Services","description":"Dirigido a profesionales de la industria de perforaci\u00f3n que necesitan desarrollar estrategias efectivas para reducir costos de tiempos no productivos y minimizar riesgos de incidentes de personas, medio ambiente e integridad del yacimiento.","robots":{"index":"index","follow":"follow","max-snippet":"max-snippet:-1","max-image-preview":"max-image-preview:large","max-video-preview":"max-video-preview:-1"},"canonical":"https:\/\/invasordrilling.com\/en\/staging\/4713\/?product=drilling-rig-equipment-realiability-workshop","og_locale":"en_US","og_type":"article","og_title":"Drilling Rig Equipment Reliability Workshop: Iniciativas de reducci\u00f3n de NPT - Invasor Drilling Services","og_description":"Dirigido a profesionales de la industria de perforaci\u00f3n que necesitan desarrollar estrategias efectivas para reducir costos de tiempos no productivos y minimizar riesgos de incidentes de personas, medio ambiente e integridad del yacimiento.","og_url":"https:\/\/invasordrilling.com\/en\/staging\/4713\/?product=drilling-rig-equipment-realiability-workshop","og_site_name":"Invasor Drilling Services","article_modified_time":"2022-12-16T21:45:19+00:00","og_image":[{"width":1024,"height":1024,"url":"https:\/\/invasordrilling.com\/staging\/4713\/wp-content\/uploads\/2022\/06\/Curso1_Drilling-1024x1024.jpg","type":"image\/jpeg"}],"twitter_card":"summary_large_image","twitter_misc":{"Est. reading time":"1 minute"},"schema":{"@context":"https:\/\/schema.org","@graph":[{"@type":"WebPage","@id":"https:\/\/invasordrilling.com\/staging\/4713\/?product=drilling-rig-equipment-realiability-workshop","url":"https:\/\/invasordrilling.com\/staging\/4713\/?product=drilling-rig-equipment-realiability-workshop","name":"Drilling Rig Equipment Reliability Workshop: Iniciativas de reducci\u00f3n de NPT - Invasor Drilling Services","isPartOf":{"@id":"https:\/\/invasordrilling.com\/#website"},"primaryImageOfPage":{"@id":"https:\/\/invasordrilling.com\/staging\/4713\/?product=drilling-rig-equipment-realiability-workshop#primaryimage"},"image":{"@id":"https:\/\/invasordrilling.com\/staging\/4713\/?product=drilling-rig-equipment-realiability-workshop#primaryimage"},"thumbnailUrl":"https:\/\/i0.wp.com\/invasordrilling.com\/wp-content\/uploads\/2022\/06\/Curso1_Drilling.jpg?fit=2000%2C2000&ssl=1","datePublished":"2022-06-17T22:43:26+00:00","dateModified":"2022-12-16T21:45:19+00:00","description":"Dirigido a profesionales de la industria de perforaci\u00f3n que necesitan desarrollar estrategias efectivas para reducir costos de tiempos no productivos y minimizar riesgos de incidentes de personas, medio ambiente e integridad del yacimiento.","breadcrumb":{"@id":"https:\/\/invasordrilling.com\/staging\/4713\/?product=drilling-rig-equipment-realiability-workshop#breadcrumb"},"inLanguage":"en-US","potentialAction":[{"@type":"ReadAction","target":["https:\/\/invasordrilling.com\/staging\/4713\/?product=drilling-rig-equipment-realiability-workshop"]}]},{"@type":"ImageObject","inLanguage":"en-US","@id":"https:\/\/invasordrilling.com\/staging\/4713\/?product=drilling-rig-equipment-realiability-workshop#primaryimage","url":"https:\/\/i0.wp.com\/invasordrilling.com\/wp-content\/uploads\/2022\/06\/Curso1_Drilling.jpg?fit=2000%2C2000&ssl=1","contentUrl":"https:\/\/i0.wp.com\/invasordrilling.com\/wp-content\/uploads\/2022\/06\/Curso1_Drilling.jpg?fit=2000%2C2000&ssl=1","width":2000,"height":2000},{"@type":"BreadcrumbList","@id":"https:\/\/invasordrilling.com\/staging\/4713\/?product=drilling-rig-equipment-realiability-workshop#breadcrumb","itemListElement":[{"@type":"ListItem","position":1,"name":"Home","item":"https:\/\/invasordrilling.com\/staging\/4713\/"},{"@type":"ListItem","position":2,"name":"Cursos IDS","item":"https:\/\/invasordrilling.com\/staging\/4713\/shop\/"},{"@type":"ListItem","position":3,"name":"Drilling Rig Equipment Reliability Workshop: Iniciativas de reducci\u00f3n de NPT"}]},{"@type":"WebSite","@id":"https:\/\/invasordrilling.com\/#website","url":"https:\/\/invasordrilling.com\/","name":"Invasor Drilling Services","description":"","publisher":{"@id":"https:\/\/invasordrilling.com\/#organization"},"potentialAction":[{"@type":"SearchAction","target":{"@type":"EntryPoint","urlTemplate":"https:\/\/invasordrilling.com\/?s={search_term_string}"},"query-input":{"@type":"PropertyValueSpecification","valueRequired":true,"valueName":"search_term_string"}}],"inLanguage":"en-US"},{"@type":"Organization","@id":"https:\/\/invasordrilling.com\/#organization","name":"Invasor Drilling Services","url":"https:\/\/invasordrilling.com\/","logo":{"@type":"ImageObject","inLanguage":"en-US","@id":"https:\/\/invasordrilling.com\/#\/schema\/logo\/image\/","url":"https:\/\/i0.wp.com\/invasordrilling.com\/wp-content\/uploads\/2022\/07\/Logo-Blanco.png?fit=1083%2C562&ssl=1","contentUrl":"https:\/\/i0.wp.com\/invasordrilling.com\/wp-content\/uploads\/2022\/07\/Logo-Blanco.png?fit=1083%2C562&ssl=1","width":1083,"height":562,"caption":"Invasor Drilling Services"},"image":{"@id":"https:\/\/invasordrilling.com\/#\/schema\/logo\/image\/"}}]}},"jetpack_sharing_enabled":true,"_links":{"self":[{"href":"https:\/\/invasordrilling.com\/en\/wp-json\/wp\/v2\/product\/30","targetHints":{"allow":["GET"]}}],"collection":[{"href":"https:\/\/invasordrilling.com\/en\/wp-json\/wp\/v2\/product"}],"about":[{"href":"https:\/\/invasordrilling.com\/en\/wp-json\/wp\/v2\/types\/product"}],"replies":[{"embeddable":true,"href":"https:\/\/invasordrilling.com\/en\/wp-json\/wp\/v2\/comments?post=30"}],"wp:featuredmedia":[{"embeddable":true,"href":"https:\/\/invasordrilling.com\/en\/wp-json\/wp\/v2\/media\/78"}],"wp:attachment":[{"href":"https:\/\/invasordrilling.com\/en\/wp-json\/wp\/v2\/media?parent=30"}],"wp:term":[{"taxonomy":"product_brand","embeddable":true,"href":"https:\/\/invasordrilling.com\/en\/wp-json\/wp\/v2\/product_brand?post=30"},{"taxonomy":"product_cat","embeddable":true,"href":"https:\/\/invasordrilling.com\/en\/wp-json\/wp\/v2\/product_cat?post=30"},{"taxonomy":"product_tag","embeddable":true,"href":"https:\/\/invasordrilling.com\/en\/wp-json\/wp\/v2\/product_tag?post=30"}],"curies":[{"name":"wp","href":"https:\/\/api.w.org\/{rel}","templated":true}]}}