{"id":16,"date":"2022-06-17T22:23:54","date_gmt":"2022-06-17T22:23:54","guid":{"rendered":"https:\/\/invasordrilling.com\/staging\/4713\/?page_id=16"},"modified":"2023-01-17T19:07:04","modified_gmt":"2023-01-17T19:07:04","slug":"16-2","status":"publish","type":"page","link":"https:\/\/invasordrilling.com\/staging\/4713\/","title":{"rendered":"Home"},"content":{"rendered":"<p style=\"text-align: left;\">Nuestros servicios tienen cuatro pilares<\/p>\n","protected":false},"excerpt":{"rendered":"<p>Nuestros servicios tienen cuatro pilares<\/p>\n","protected":false},"author":4,"featured_media":245,"parent":0,"menu_order":0,"comment_status":"closed","ping_status":"closed","template":"","meta":{"_acf_changed":false,"nf_dc_page":"","footnotes":""},"class_list":["post-16","page","type-page","status-publish","has-post-thumbnail","hentry"],"acf":[],"yoast_head":"<!-- This site is optimized with the Yoast SEO plugin v27.4 - https:\/\/yoast.com\/product\/yoast-seo-wordpress\/ -->\n<title>Home - Invasor Drilling Services<\/title>\n<meta name=\"description\" content=\"Invasor Drilling Services ofrece un servicio de evaluaci\u00f3n de integridad de equipos de perforaci\u00f3n y gerenciamiento de proyectos de ejecuci\u00f3n de pozos de oil and gas convencionales\/no convencionales, geotermia y miner\u00eda.\" \/>\n<meta name=\"robots\" content=\"index, follow, max-snippet:-1, max-image-preview:large, max-video-preview:-1\" \/>\n<link rel=\"canonical\" href=\"https:\/\/invasordrilling.com\/staging\/4713\/\" \/>\n<meta property=\"og:locale\" content=\"es_ES\" \/>\n<meta property=\"og:type\" content=\"article\" \/>\n<meta property=\"og:title\" content=\"Home - Invasor Drilling Services\" \/>\n<meta property=\"og:description\" content=\"Invasor Drilling Services ofrece un servicio de evaluaci\u00f3n de integridad de equipos de perforaci\u00f3n y gerenciamiento de proyectos de ejecuci\u00f3n de pozos de oil and gas convencionales\/no convencionales, geotermia y miner\u00eda.\" \/>\n<meta property=\"og:url\" content=\"https:\/\/invasordrilling.com\/staging\/4713\/\" \/>\n<meta property=\"og:site_name\" content=\"Invasor Drilling Services\" \/>\n<meta property=\"article:modified_time\" content=\"2023-01-17T19:07:04+00:00\" \/>\n<meta property=\"og:image\" content=\"https:\/\/invasordrilling.com\/staging\/4713\/wp-content\/uploads\/2023\/01\/HomeIDS.jpg\" \/>\n\t<meta property=\"og:image:width\" content=\"1800\" \/>\n\t<meta property=\"og:image:height\" content=\"1800\" \/>\n\t<meta property=\"og:image:type\" content=\"image\/jpeg\" \/>\n<meta name=\"twitter:card\" content=\"summary_large_image\" \/>\n<meta name=\"twitter:label1\" content=\"Tiempo de lectura\" \/>\n\t<meta name=\"twitter:data1\" content=\"1 minuto\" \/>\n<script type=\"application\/ld+json\" class=\"yoast-schema-graph\">{\"@context\":\"https:\\\/\\\/schema.org\",\"@graph\":[{\"@type\":\"WebPage\",\"@id\":\"https:\\\/\\\/invasordrilling.com\\\/staging\\\/4713\\\/\",\"url\":\"https:\\\/\\\/invasordrilling.com\\\/staging\\\/4713\\\/\",\"name\":\"Home - Invasor Drilling Services\",\"isPartOf\":{\"@id\":\"https:\\\/\\\/invasordrilling.com\\\/#website\"},\"primaryImageOfPage\":{\"@id\":\"https:\\\/\\\/invasordrilling.com\\\/staging\\\/4713\\\/#primaryimage\"},\"image\":{\"@id\":\"https:\\\/\\\/invasordrilling.com\\\/staging\\\/4713\\\/#primaryimage\"},\"thumbnailUrl\":\"https:\\\/\\\/i0.wp.com\\\/invasordrilling.com\\\/staging\\\/4713\\\/wp-content\\\/uploads\\\/2023\\\/01\\\/HomeIDS.jpg?fit=1800%2C1800&ssl=1\",\"datePublished\":\"2022-06-17T22:23:54+00:00\",\"dateModified\":\"2023-01-17T19:07:04+00:00\",\"description\":\"Invasor Drilling Services ofrece un servicio de evaluaci\u00f3n de integridad de equipos de perforaci\u00f3n y gerenciamiento de proyectos de ejecuci\u00f3n de pozos de oil and gas convencionales\\\/no convencionales, geotermia y miner\u00eda.\",\"breadcrumb\":{\"@id\":\"https:\\\/\\\/invasordrilling.com\\\/staging\\\/4713\\\/#breadcrumb\"},\"inLanguage\":\"es\",\"potentialAction\":[{\"@type\":\"ReadAction\",\"target\":[\"https:\\\/\\\/invasordrilling.com\\\/staging\\\/4713\\\/\"]}]},{\"@type\":\"ImageObject\",\"inLanguage\":\"es\",\"@id\":\"https:\\\/\\\/invasordrilling.com\\\/staging\\\/4713\\\/#primaryimage\",\"url\":\"https:\\\/\\\/i0.wp.com\\\/invasordrilling.com\\\/staging\\\/4713\\\/wp-content\\\/uploads\\\/2023\\\/01\\\/HomeIDS.jpg?fit=1800%2C1800&ssl=1\",\"contentUrl\":\"https:\\\/\\\/i0.wp.com\\\/invasordrilling.com\\\/staging\\\/4713\\\/wp-content\\\/uploads\\\/2023\\\/01\\\/HomeIDS.jpg?fit=1800%2C1800&ssl=1\",\"width\":1800,\"height\":1800},{\"@type\":\"BreadcrumbList\",\"@id\":\"https:\\\/\\\/invasordrilling.com\\\/staging\\\/4713\\\/#breadcrumb\",\"itemListElement\":[{\"@type\":\"ListItem\",\"position\":1,\"name\":\"Home\",\"item\":\"https:\\\/\\\/invasordrilling.com\\\/staging\\\/4713\\\/\"},{\"@type\":\"ListItem\",\"position\":2,\"name\":\"Home\"}]},{\"@type\":\"WebSite\",\"@id\":\"https:\\\/\\\/invasordrilling.com\\\/#website\",\"url\":\"https:\\\/\\\/invasordrilling.com\\\/\",\"name\":\"Invasor Drilling Services\",\"description\":\"\",\"publisher\":{\"@id\":\"https:\\\/\\\/invasordrilling.com\\\/#organization\"},\"potentialAction\":[{\"@type\":\"SearchAction\",\"target\":{\"@type\":\"EntryPoint\",\"urlTemplate\":\"https:\\\/\\\/invasordrilling.com\\\/?s={search_term_string}\"},\"query-input\":{\"@type\":\"PropertyValueSpecification\",\"valueRequired\":true,\"valueName\":\"search_term_string\"}}],\"inLanguage\":\"es\"},{\"@type\":\"Organization\",\"@id\":\"https:\\\/\\\/invasordrilling.com\\\/#organization\",\"name\":\"Invasor Drilling Services\",\"url\":\"https:\\\/\\\/invasordrilling.com\\\/\",\"logo\":{\"@type\":\"ImageObject\",\"inLanguage\":\"es\",\"@id\":\"https:\\\/\\\/invasordrilling.com\\\/#\\\/schema\\\/logo\\\/image\\\/\",\"url\":\"https:\\\/\\\/i0.wp.com\\\/invasordrilling.com\\\/staging\\\/4713\\\/wp-content\\\/uploads\\\/2022\\\/07\\\/Logo-Blanco.png?fit=1083%2C562&ssl=1\",\"contentUrl\":\"https:\\\/\\\/i0.wp.com\\\/invasordrilling.com\\\/staging\\\/4713\\\/wp-content\\\/uploads\\\/2022\\\/07\\\/Logo-Blanco.png?fit=1083%2C562&ssl=1\",\"width\":1083,\"height\":562,\"caption\":\"Invasor Drilling Services\"},\"image\":{\"@id\":\"https:\\\/\\\/invasordrilling.com\\\/#\\\/schema\\\/logo\\\/image\\\/\"}}]}<\/script>\n<!-- \/ Yoast SEO plugin. -->","yoast_head_json":{"title":"Home - Invasor Drilling Services","description":"Invasor Drilling Services ofrece un servicio de evaluaci\u00f3n de integridad de equipos de perforaci\u00f3n y gerenciamiento de proyectos de ejecuci\u00f3n de pozos de oil and gas convencionales\/no convencionales, geotermia y miner\u00eda.","robots":{"index":"index","follow":"follow","max-snippet":"max-snippet:-1","max-image-preview":"max-image-preview:large","max-video-preview":"max-video-preview:-1"},"canonical":"https:\/\/invasordrilling.com\/staging\/4713\/","og_locale":"es_ES","og_type":"article","og_title":"Home - Invasor Drilling Services","og_description":"Invasor Drilling Services ofrece un servicio de evaluaci\u00f3n de integridad de equipos de perforaci\u00f3n y gerenciamiento de proyectos de ejecuci\u00f3n de pozos de oil and gas convencionales\/no convencionales, geotermia y miner\u00eda.","og_url":"https:\/\/invasordrilling.com\/staging\/4713\/","og_site_name":"Invasor Drilling Services","article_modified_time":"2023-01-17T19:07:04+00:00","og_image":[{"width":1800,"height":1800,"url":"https:\/\/invasordrilling.com\/staging\/4713\/wp-content\/uploads\/2023\/01\/HomeIDS.jpg","type":"image\/jpeg"}],"twitter_card":"summary_large_image","twitter_misc":{"Tiempo de lectura":"1 minuto"},"schema":{"@context":"https:\/\/schema.org","@graph":[{"@type":"WebPage","@id":"https:\/\/invasordrilling.com\/staging\/4713\/","url":"https:\/\/invasordrilling.com\/staging\/4713\/","name":"Home - Invasor Drilling Services","isPartOf":{"@id":"https:\/\/invasordrilling.com\/#website"},"primaryImageOfPage":{"@id":"https:\/\/invasordrilling.com\/staging\/4713\/#primaryimage"},"image":{"@id":"https:\/\/invasordrilling.com\/staging\/4713\/#primaryimage"},"thumbnailUrl":"https:\/\/i0.wp.com\/invasordrilling.com\/staging\/4713\/wp-content\/uploads\/2023\/01\/HomeIDS.jpg?fit=1800%2C1800&ssl=1","datePublished":"2022-06-17T22:23:54+00:00","dateModified":"2023-01-17T19:07:04+00:00","description":"Invasor Drilling Services ofrece un servicio de evaluaci\u00f3n de integridad de equipos de perforaci\u00f3n y gerenciamiento de proyectos de ejecuci\u00f3n de pozos de oil and gas convencionales\/no convencionales, geotermia y miner\u00eda.","breadcrumb":{"@id":"https:\/\/invasordrilling.com\/staging\/4713\/#breadcrumb"},"inLanguage":"es","potentialAction":[{"@type":"ReadAction","target":["https:\/\/invasordrilling.com\/staging\/4713\/"]}]},{"@type":"ImageObject","inLanguage":"es","@id":"https:\/\/invasordrilling.com\/staging\/4713\/#primaryimage","url":"https:\/\/i0.wp.com\/invasordrilling.com\/staging\/4713\/wp-content\/uploads\/2023\/01\/HomeIDS.jpg?fit=1800%2C1800&ssl=1","contentUrl":"https:\/\/i0.wp.com\/invasordrilling.com\/staging\/4713\/wp-content\/uploads\/2023\/01\/HomeIDS.jpg?fit=1800%2C1800&ssl=1","width":1800,"height":1800},{"@type":"BreadcrumbList","@id":"https:\/\/invasordrilling.com\/staging\/4713\/#breadcrumb","itemListElement":[{"@type":"ListItem","position":1,"name":"Home","item":"https:\/\/invasordrilling.com\/staging\/4713\/"},{"@type":"ListItem","position":2,"name":"Home"}]},{"@type":"WebSite","@id":"https:\/\/invasordrilling.com\/#website","url":"https:\/\/invasordrilling.com\/","name":"Invasor Drilling Services","description":"","publisher":{"@id":"https:\/\/invasordrilling.com\/#organization"},"potentialAction":[{"@type":"SearchAction","target":{"@type":"EntryPoint","urlTemplate":"https:\/\/invasordrilling.com\/?s={search_term_string}"},"query-input":{"@type":"PropertyValueSpecification","valueRequired":true,"valueName":"search_term_string"}}],"inLanguage":"es"},{"@type":"Organization","@id":"https:\/\/invasordrilling.com\/#organization","name":"Invasor Drilling Services","url":"https:\/\/invasordrilling.com\/","logo":{"@type":"ImageObject","inLanguage":"es","@id":"https:\/\/invasordrilling.com\/#\/schema\/logo\/image\/","url":"https:\/\/i0.wp.com\/invasordrilling.com\/staging\/4713\/wp-content\/uploads\/2022\/07\/Logo-Blanco.png?fit=1083%2C562&ssl=1","contentUrl":"https:\/\/i0.wp.com\/invasordrilling.com\/staging\/4713\/wp-content\/uploads\/2022\/07\/Logo-Blanco.png?fit=1083%2C562&ssl=1","width":1083,"height":562,"caption":"Invasor Drilling Services"},"image":{"@id":"https:\/\/invasordrilling.com\/#\/schema\/logo\/image\/"}}]}},"jetpack_sharing_enabled":true,"_links":{"self":[{"href":"https:\/\/invasordrilling.com\/staging\/4713\/wp-json\/wp\/v2\/pages\/16","targetHints":{"allow":["GET"]}}],"collection":[{"href":"https:\/\/invasordrilling.com\/staging\/4713\/wp-json\/wp\/v2\/pages"}],"about":[{"href":"https:\/\/invasordrilling.com\/staging\/4713\/wp-json\/wp\/v2\/types\/page"}],"author":[{"embeddable":true,"href":"https:\/\/invasordrilling.com\/staging\/4713\/wp-json\/wp\/v2\/users\/4"}],"replies":[{"embeddable":true,"href":"https:\/\/invasordrilling.com\/staging\/4713\/wp-json\/wp\/v2\/comments?post=16"}],"version-history":[{"count":7,"href":"https:\/\/invasordrilling.com\/staging\/4713\/wp-json\/wp\/v2\/pages\/16\/revisions"}],"predecessor-version":[{"id":239,"href":"https:\/\/invasordrilling.com\/staging\/4713\/wp-json\/wp\/v2\/pages\/16\/revisions\/239"}],"wp:featuredmedia":[{"embeddable":true,"href":"https:\/\/invasordrilling.com\/staging\/4713\/wp-json\/wp\/v2\/media\/245"}],"wp:attachment":[{"href":"https:\/\/invasordrilling.com\/staging\/4713\/wp-json\/wp\/v2\/media?parent=16"}],"curies":[{"name":"wp","href":"https:\/\/api.w.org\/{rel}","templated":true}]}}